
{"id":30942,"date":"2025-07-02T13:19:04","date_gmt":"2025-07-02T13:19:04","guid":{"rendered":"https:\/\/www.inspecsnordic.com\/?post_type=product&#038;p=30942"},"modified":"2025-08-10T20:03:47","modified_gmt":"2025-08-10T20:03:47","slug":"optinett-50","status":"publish","type":"product","link":"https:\/\/www.inspecsnordic.com\/sv\/produkt\/optinett-50\/","title":{"rendered":"Optinett 50"},"content":{"rendered":"<p>Carton of 50 Packs of 40 wipes.<\/p>\n<p><strong>Produkter fr\u00e5n Optinett kan endast k\u00f6pas av norska kunder. Vi s\u00e4ljer f\u00f6r n\u00e4rvarande inte till \u00f6vriga nordiska l\u00e4nder. Priserna f\u00f6r Optinett-produkter anges i NOK.\u00a0<\/strong><\/p>","protected":false},"excerpt":{"rendered":"<p>Carton of 50 Packs of 40 wipes.<\/p>\n<p><strong>Produkter fr\u00e5n Optinett kan endast k\u00f6pas av norska kunder. Vi s\u00e4ljer f\u00f6r n\u00e4rvarande inte till \u00f6vriga nordiska l\u00e4nder. Priserna f\u00f6r Optinett-produkter anges i NOK.\u00a0<\/strong><\/p>","protected":false},"featured_media":30943,"template":"","meta":{"_acf_changed":false,"_kad_post_transparent":"default","_kad_post_title":"","_kad_post_layout":"default","_kad_post_sidebar_id":"","_kad_post_content_style":"default","_kad_post_vertical_padding":"default","_kad_post_feature":"","_kad_post_feature_position":"","_kad_post_header":false,"_kad_post_footer":false,"_kad_post_classname":""},"product_brand":[],"product_cat":[96],"product_tag":[],"class_list":{"0":"post-30942","1":"product","2":"type-product","3":"status-publish","4":"has-post-thumbnail","6":"product_cat-optinett","8":"first","9":"instock","10":"taxable","11":"shipping-taxable","12":"product-type-simple","13":"entry","14":"content-bg","15":"loop-entry"},"acf":[],"_links":{"self":[{"href":"https:\/\/www.inspecsnordic.com\/sv\/wp-json\/wp\/v2\/product\/30942","targetHints":{"allow":["GET"]}}],"collection":[{"href":"https:\/\/www.inspecsnordic.com\/sv\/wp-json\/wp\/v2\/product"}],"about":[{"href":"https:\/\/www.inspecsnordic.com\/sv\/wp-json\/wp\/v2\/types\/product"}],"wp:featuredmedia":[{"embeddable":true,"href":"https:\/\/www.inspecsnordic.com\/sv\/wp-json\/wp\/v2\/media\/30943"}],"wp:attachment":[{"href":"https:\/\/www.inspecsnordic.com\/sv\/wp-json\/wp\/v2\/media?parent=30942"}],"wp:term":[{"taxonomy":"product_brand","embeddable":true,"href":"https:\/\/www.inspecsnordic.com\/sv\/wp-json\/wp\/v2\/product_brand?post=30942"},{"taxonomy":"product_cat","embeddable":true,"href":"https:\/\/www.inspecsnordic.com\/sv\/wp-json\/wp\/v2\/product_cat?post=30942"},{"taxonomy":"product_tag","embeddable":true,"href":"https:\/\/www.inspecsnordic.com\/sv\/wp-json\/wp\/v2\/product_tag?post=30942"}],"curies":[{"name":"wp","href":"https:\/\/api.w.org\/{rel}","templated":true}]}}